{"id":619,"date":"2018-07-20T10:22:11","date_gmt":"2018-07-20T10:22:11","guid":{"rendered":"https:\/\/mainsdencres.com\/index.php\/contact\/"},"modified":"2025-01-21T12:10:42","modified_gmt":"2025-01-21T11:10:42","slug":"contact","status":"publish","type":"page","link":"https:\/\/mainsdencres.com\/index.php\/contact\/","title":{"rendered":"Contact"},"content":{"rendered":"\t\t<div data-elementor-type=\"wp-post\" data-elementor-id=\"619\" class=\"elementor elementor-619\">\n\t\t\t\t\t\t<section class=\"elementor-section elementor-top-section elementor-element elementor-element-9848a1a elementor-section-content-middle elementor-section-boxed elementor-section-height-default elementor-section-height-default\" data-id=\"9848a1a\" data-element_type=\"section\" data-e-type=\"section\">\n\t\t\t\t\t\t\t<div class=\"elementor-background-overlay\"><\/div>\n\t\t\t\t\t\t\t<div class=\"elementor-container elementor-column-gap-no\">\n\t\t\t\t\t<div class=\"elementor-column elementor-col-100 elementor-top-column elementor-element elementor-element-97dfc1c\" data-id=\"97dfc1c\" data-element_type=\"column\" data-e-type=\"column\">\n\t\t\t<div class=\"elementor-widget-wrap elementor-element-populated\">\n\t\t\t\t\t\t<div class=\"elementor-element elementor-element-54855d8 elementor-widget elementor-widget-heading\" data-id=\"54855d8\" data-element_type=\"widget\" data-e-type=\"widget\" data-widget_type=\"heading.default\">\n\t\t\t\t<div class=\"elementor-widget-container\">\n\t\t\t\t\t<h1 class=\"elementor-heading-title elementor-size-default\">Contact<\/h1>\t\t\t\t<\/div>\n\t\t\t\t<\/div>\n\t\t\t\t\t<\/div>\n\t\t<\/div>\n\t\t\t\t\t<\/div>\n\t\t<\/section>\n\t\t\t\t<section class=\"elementor-section elementor-top-section elementor-element elementor-element-bdb17f9 elementor-section-content-middle elementor-section-boxed elementor-section-height-default elementor-section-height-default\" data-id=\"bdb17f9\" data-element_type=\"section\" data-e-type=\"section\" data-settings=\"{&quot;background_background&quot;:&quot;gradient&quot;}\">\n\t\t\t\t\t\t\t<div class=\"elementor-background-overlay\"><\/div>\n\t\t\t\t\t\t\t<div class=\"elementor-container elementor-column-gap-no\">\n\t\t\t\t\t<div class=\"elementor-column elementor-col-100 elementor-top-column elementor-element elementor-element-246479a\" data-id=\"246479a\" data-element_type=\"column\" data-e-type=\"column\">\n\t\t\t<div class=\"elementor-widget-wrap elementor-element-populated\">\n\t\t\t\t\t\t<div class=\"elementor-element elementor-element-295272e elementor-widget elementor-widget-heading\" data-id=\"295272e\" data-element_type=\"widget\" data-e-type=\"widget\" data-widget_type=\"heading.default\">\n\t\t\t\t<div class=\"elementor-widget-container\">\n\t\t\t\t\t<h4 class=\"elementor-heading-title elementor-size-default\">Bienvenue chez MAINS D'ENCRES<\/h4>\t\t\t\t<\/div>\n\t\t\t\t<\/div>\n\t\t\t\t<section class=\"elementor-section elementor-inner-section elementor-element elementor-element-3cfc821 elementor-section-content-middle elementor-section-boxed elementor-section-height-default elementor-section-height-default\" data-id=\"3cfc821\" data-element_type=\"section\" data-e-type=\"section\">\n\t\t\t\t\t\t<div class=\"elementor-container elementor-column-gap-no\">\n\t\t\t\t\t<div class=\"elementor-column elementor-col-50 elementor-inner-column elementor-element elementor-element-3735f0b\" data-id=\"3735f0b\" data-element_type=\"column\" data-e-type=\"column\">\n\t\t\t<div class=\"elementor-widget-wrap elementor-element-populated\">\n\t\t\t\t\t\t<div class=\"elementor-element elementor-element-e239b64 elementor-widget-divider--view-line elementor-widget elementor-widget-divider\" data-id=\"e239b64\" data-element_type=\"widget\" data-e-type=\"widget\" data-widget_type=\"divider.default\">\n\t\t\t\t<div class=\"elementor-widget-container\">\n\t\t\t\t\t\t\t<div class=\"elementor-divider\">\n\t\t\t<span class=\"elementor-divider-separator\">\n\t\t\t\t\t\t<\/span>\n\t\t<\/div>\n\t\t\t\t\t\t<\/div>\n\t\t\t\t<\/div>\n\t\t\t\t\t<\/div>\n\t\t<\/div>\n\t\t\t\t<div class=\"elementor-column elementor-col-50 elementor-inner-column elementor-element elementor-element-289678f\" data-id=\"289678f\" data-element_type=\"column\" data-e-type=\"column\">\n\t\t\t<div class=\"elementor-widget-wrap elementor-element-populated\">\n\t\t\t\t\t\t<div class=\"elementor-element elementor-element-c0f452f elementor-widget elementor-widget-heading\" data-id=\"c0f452f\" data-element_type=\"widget\" data-e-type=\"widget\" data-widget_type=\"heading.default\">\n\t\t\t\t<div class=\"elementor-widget-container\">\n\t\t\t\t\t<h6 class=\"elementor-heading-title elementor-size-default\">Laissez-nous un message<\/h6>\t\t\t\t<\/div>\n\t\t\t\t<\/div>\n\t\t\t\t\t<\/div>\n\t\t<\/div>\n\t\t\t\t\t<\/div>\n\t\t<\/section>\n\t\t\t\t<section class=\"elementor-section elementor-inner-section elementor-element elementor-element-ea2587a elementor-section-content-top elementor-section-boxed elementor-section-height-default elementor-section-height-default\" data-id=\"ea2587a\" data-element_type=\"section\" data-e-type=\"section\">\n\t\t\t\t\t\t<div class=\"elementor-container elementor-column-gap-no\">\n\t\t\t\t\t<div class=\"elementor-column elementor-col-50 elementor-inner-column elementor-element elementor-element-a094e86\" data-id=\"a094e86\" data-element_type=\"column\" data-e-type=\"column\">\n\t\t\t<div class=\"elementor-widget-wrap elementor-element-populated\">\n\t\t\t\t\t\t<div class=\"elementor-element elementor-element-bb970c0 elementor-widget elementor-widget-text-editor\" data-id=\"bb970c0\" data-element_type=\"widget\" data-e-type=\"widget\" data-widget_type=\"text-editor.default\">\n\t\t\t\t<div class=\"elementor-widget-container\">\n\t\t\t\t\t\t\t\t\t<p><strong>Si vous avez une question d&rsquo;ordre g\u00e9n\u00e9ral sur la boutique, merci de nous laisser un message en remplissant le formulaire ci-contre, ou en nous \u00e9crivant \u00e0 info@mainsdencres.com.<\/strong><\/p><p>Pour toutes autres questions dans la section de votre choix\u00a0 :<\/p><p><strong><span style=\"text-decoration: underline;\">E-mail onglerie<\/span> :<\/strong> jade.onglerie@mainsdencres.com<\/p><p><strong><span style=\"text-decoration: underline;\">E-mail tatouage<\/span> :<\/strong> jeremy.tatouages@mainsdencres.com<\/p><p><strong>Pour un projet &amp; devis tatouage merci de vous reportez \u00e0 la page :<\/strong><\/p><p><strong><a href=\"https:\/\/mainsdencres.com\/index.php\/reservation-devis\/\"><em>\u27af Devis Tatouage<\/em><\/a><\/strong><\/p><p style=\"font-size: 17px; font-style: normal; font-weight: 400;\"><span style=\"font-weight: bold;\">Pour une r\u00e9servation onglerie merci de vous reportez \u00e0 la page :<\/span><\/p><p style=\"font-size: 17px; font-style: normal; font-weight: 400;\"><span style=\"font-weight: bold;\"><a style=\"outline: 0px;\" href=\"https:\/\/mainsdencres.com\/index.php\/elementor-1236\/\"><em>\u27af R\u00e9servation Onglerie<\/em><\/a><\/span><\/p>\t\t\t\t\t\t\t\t<\/div>\n\t\t\t\t<\/div>\n\t\t\t\t<div class=\"elementor-element elementor-element-39f8bd1 elementor-icon-list--layout-traditional elementor-list-item-link-full_width elementor-widget elementor-widget-icon-list\" data-id=\"39f8bd1\" data-element_type=\"widget\" data-e-type=\"widget\" data-widget_type=\"icon-list.default\">\n\t\t\t\t<div class=\"elementor-widget-container\">\n\t\t\t\t\t\t\t<ul class=\"elementor-icon-list-items\">\n\t\t\t\t\t\t\t<li class=\"elementor-icon-list-item\">\n\t\t\t\t\t\t\t\t\t\t\t<a href=\"#\">\n\n\t\t\t\t\t\t\t\t\t\t\t\t<span class=\"elementor-icon-list-icon\">\n\t\t\t\t\t\t\t<i aria-hidden=\"true\" class=\"fas fa-map-marker-alt\"><\/i>\t\t\t\t\t\t<\/span>\n\t\t\t\t\t\t\t\t\t\t<span class=\"elementor-icon-list-text\">52 rue de la Berbiziale 63500, Issoire, FRANCE<\/span>\n\t\t\t\t\t\t\t\t\t\t\t<\/a>\n\t\t\t\t\t\t\t\t\t<\/li>\n\t\t\t\t\t\t\t\t<li class=\"elementor-icon-list-item\">\n\t\t\t\t\t\t\t\t\t\t\t<a href=\"#\">\n\n\t\t\t\t\t\t\t\t\t\t\t\t<span class=\"elementor-icon-list-icon\">\n\t\t\t\t\t\t\t<i aria-hidden=\"true\" class=\"fas fa-phone\"><\/i>\t\t\t\t\t\t<\/span>\n\t\t\t\t\t\t\t\t\t\t<span class=\"elementor-icon-list-text\">+33 63 08 98 21<\/span>\n\t\t\t\t\t\t\t\t\t\t\t<\/a>\n\t\t\t\t\t\t\t\t\t<\/li>\n\t\t\t\t\t\t\t\t<li class=\"elementor-icon-list-item\">\n\t\t\t\t\t\t\t\t\t\t\t<a href=\"#\">\n\n\t\t\t\t\t\t\t\t\t\t\t\t<span class=\"elementor-icon-list-icon\">\n\t\t\t\t\t\t\t<i aria-hidden=\"true\" class=\"fas fa-envelope\"><\/i>\t\t\t\t\t\t<\/span>\n\t\t\t\t\t\t\t\t\t\t<span class=\"elementor-icon-list-text\">info@mainsdencres.com<\/span>\n\t\t\t\t\t\t\t\t\t\t\t<\/a>\n\t\t\t\t\t\t\t\t\t<\/li>\n\t\t\t\t\t\t<\/ul>\n\t\t\t\t\t\t<\/div>\n\t\t\t\t<\/div>\n\t\t\t\t\t<\/div>\n\t\t<\/div>\n\t\t\t\t<div class=\"elementor-column elementor-col-50 elementor-inner-column elementor-element elementor-element-e72cc81\" data-id=\"e72cc81\" data-element_type=\"column\" data-e-type=\"column\">\n\t\t\t<div class=\"elementor-widget-wrap elementor-element-populated\">\n\t\t\t\t\t\t<div class=\"elementor-element elementor-element-36a245c elementor-widget elementor-widget-shortcode\" data-id=\"36a245c\" data-element_type=\"widget\" data-e-type=\"widget\" data-widget_type=\"shortcode.default\">\n\t\t\t\t<div class=\"elementor-widget-container\">\n\t\t\t\t\t\t\t<div class=\"elementor-shortcode\"><div class=\"wpforms-container \" id=\"wpforms-611\"><form id=\"wpforms-form-611\" class=\"wpforms-validate wpforms-form\" data-formid=\"611\" method=\"post\" enctype=\"multipart\/form-data\" action=\"\/index.php\/wp-json\/wp\/v2\/pages\/619\" data-token=\"67efe1df760ed46464c872d682f93e83\" data-token-time=\"1776582436\"><noscript class=\"wpforms-error-noscript\">Veuillez activer JavaScript dans votre navigateur pour remplir ce formulaire.<\/noscript><div class=\"wpforms-field-container\"><div id=\"wpforms-611-field_0-container\" class=\"wpforms-field wpforms-field-name\" data-field-id=\"0\"><label class=\"wpforms-field-label\" for=\"wpforms-611-field_0\">Nom - Pr\u00e9nom <span class=\"wpforms-required-label\">*<\/span><\/label><input type=\"text\" id=\"wpforms-611-field_0\" class=\"wpforms-field-large wpforms-field-required\" name=\"wpforms[fields][0]\" required><\/div><div id=\"wpforms-611-field_1-container\" class=\"wpforms-field wpforms-field-email\" data-field-id=\"1\"><label class=\"wpforms-field-label\" for=\"wpforms-611-field_1\">E-mail <span class=\"wpforms-required-label\">*<\/span><\/label><input type=\"email\" id=\"wpforms-611-field_1\" class=\"wpforms-field-large wpforms-field-required\" name=\"wpforms[fields][1]\" spellcheck=\"false\" required><\/div><div id=\"wpforms-611-field_3-container\" class=\"wpforms-field wpforms-field-text\" data-field-id=\"3\"><label class=\"wpforms-field-label\" for=\"wpforms-611-field_3\">Objet <span class=\"wpforms-required-label\">*<\/span><\/label><input type=\"text\" id=\"wpforms-611-field_3\" class=\"wpforms-field-large wpforms-field-required\" name=\"wpforms[fields][3]\" required><\/div><div id=\"wpforms-611-field_2-container\" class=\"wpforms-field wpforms-field-textarea\" data-field-id=\"2\"><label class=\"wpforms-field-label\" for=\"wpforms-611-field_2\">Votre Message <span class=\"wpforms-required-label\">*<\/span><\/label><textarea id=\"wpforms-611-field_2\" class=\"wpforms-field-large wpforms-field-required\" name=\"wpforms[fields][2]\" required><\/textarea><\/div><\/div><!-- .wpforms-field-container --><div class=\"wpforms-field wpforms-field-hp\"><label for=\"wpforms-611-field-hp\" class=\"wpforms-field-label\">Email<\/label><input type=\"text\" name=\"wpforms[hp]\" id=\"wpforms-611-field-hp\" class=\"wpforms-field-medium\"><\/div><div class=\"wpforms-submit-container\" ><input type=\"hidden\" name=\"wpforms[id]\" value=\"611\"><input type=\"hidden\" name=\"page_title\" value=\"\"><input type=\"hidden\" name=\"page_url\" value=\"https:\/\/mainsdencres.com\/index.php\/wp-json\/wp\/v2\/pages\/619\"><input type=\"hidden\" name=\"url_referer\" value=\"\"><button type=\"submit\" name=\"wpforms[submit]\" id=\"wpforms-submit-611\" class=\"wpforms-submit\" data-alt-text=\"Sending...\" data-submit-text=\"Envoyer\" aria-live=\"assertive\" value=\"wpforms-submit\">Envoyer<\/button><\/div><\/form><\/div>  <!-- .wpforms-container --><\/div>\n\t\t\t\t\t\t<\/div>\n\t\t\t\t<\/div>\n\t\t\t\t\t<\/div>\n\t\t<\/div>\n\t\t\t\t\t<\/div>\n\t\t<\/section>\n\t\t\t\t\t<\/div>\n\t\t<\/div>\n\t\t\t\t\t<\/div>\n\t\t<\/section>\n\t\t\t\t<section class=\"elementor-section elementor-top-section elementor-element elementor-element-3594953 elementor-section-full_width elementor-section-content-middle elementor-section-height-default elementor-section-height-default\" data-id=\"3594953\" data-element_type=\"section\" data-e-type=\"section\" data-settings=\"{&quot;background_background&quot;:&quot;classic&quot;}\">\n\t\t\t\t\t\t<div class=\"elementor-container elementor-column-gap-no\">\n\t\t\t\t\t<div class=\"elementor-column elementor-col-100 elementor-top-column elementor-element elementor-element-7892e2a\" data-id=\"7892e2a\" data-element_type=\"column\" data-e-type=\"column\">\n\t\t\t<div class=\"elementor-widget-wrap elementor-element-populated\">\n\t\t\t\t\t\t<div class=\"elementor-element elementor-element-a896e47 elementor-widget elementor-widget-google_maps\" data-id=\"a896e47\" data-element_type=\"widget\" data-e-type=\"widget\" data-widget_type=\"google_maps.default\">\n\t\t\t\t<div class=\"elementor-widget-container\">\n\t\t\t\t\t\t\t<div class=\"elementor-custom-embed\">\n\t\t\t<iframe loading=\"lazy\"\n\t\t\t\t\tsrc=\"https:\/\/maps.google.com\/maps?q=52%20rue%20de%20la%20Berbiziale&#038;t=m&#038;z=10&#038;output=embed&#038;iwloc=near\"\n\t\t\t\t\ttitle=\"52 rue de la Berbiziale\"\n\t\t\t\t\taria-label=\"52 rue de la Berbiziale\"\n\t\t\t><\/iframe>\n\t\t<\/div>\n\t\t\t\t\t\t<\/div>\n\t\t\t\t<\/div>\n\t\t\t\t\t<\/div>\n\t\t<\/div>\n\t\t\t\t\t<\/div>\n\t\t<\/section>\n\t\t\t\t<\/div>\n\t\t","protected":false},"excerpt":{"rendered":"<p>Contact Bienvenue chez MAINS D&rsquo;ENCRES Laissez-nous un message Si vous avez une question d&rsquo;ordre g\u00e9n\u00e9ral sur la boutique, merci de nous laisser un message en remplissant le formulaire ci-contre, ou en nous \u00e9crivant \u00e0 info@mainsdencres.com. Pour toutes autres questions dans la section de votre choix\u00a0 : E-mail onglerie : jade.onglerie@mainsdencres.com E-mail tatouage : jeremy.tatouages@mainsdencres.com Pour [&hellip;]<\/p>\n","protected":false},"author":1,"featured_media":0,"parent":0,"menu_order":0,"comment_status":"closed","ping_status":"closed","template":"","meta":{"site-sidebar-layout":"no-sidebar","site-content-layout":"page-builder","ast-site-content-layout":"default","site-content-style":"default","site-sidebar-style":"default","ast-global-header-display":"","ast-banner-title-visibility":"","ast-main-header-display":"","ast-hfb-above-header-display":"","ast-hfb-below-header-display":"","ast-hfb-mobile-header-display":"","site-post-title":"disabled","ast-breadcrumbs-content":"","ast-featured-img":"disabled","footer-sml-layout":"","ast-disable-related-posts":"","theme-transparent-header-meta":"enabled","adv-header-id-meta":"","stick-header-meta":"","header-above-stick-meta":"","header-main-stick-meta":"","header-below-stick-meta":"","astra-migrate-meta-layouts":"default","ast-page-background-enabled":"default","ast-page-background-meta":{"desktop":{"background-color":"","background-image":"","background-repeat":"repeat","background-position":"center center","background-size":"auto","background-attachment":"scroll","background-type":"","background-media":"","overlay-type":"","overlay-color":"","overlay-opacity":"","overlay-gradient":""},"tablet":{"background-color":"","background-image":"","background-repeat":"repeat","background-position":"center center","background-size":"auto","background-attachment":"scroll","background-type":"","background-media":"","overlay-type":"","overlay-color":"","overlay-opacity":"","overlay-gradient":""},"mobile":{"background-color":"","background-image":"","background-repeat":"repeat","background-position":"center center","background-size":"auto","background-attachment":"scroll","background-type":"","background-media":"","overlay-type":"","overlay-color":"","overlay-opacity":"","overlay-gradient":""}},"ast-content-background-meta":{"desktop":{"background-color":"var(--ast-global-color-5)","background-image":"","background-repeat":"repeat","background-position":"center center","background-size":"auto","background-attachment":"scroll","background-type":"","background-media":"","overlay-type":"","overlay-color":"","overlay-opacity":"","overlay-gradient":""},"tablet":{"background-color":"var(--ast-global-color-5)","background-image":"","background-repeat":"repeat","background-position":"center center","background-size":"auto","background-attachment":"scroll","background-type":"","background-media":"","overlay-type":"","overlay-color":"","overlay-opacity":"","overlay-gradient":""},"mobile":{"background-color":"var(--ast-global-color-5)","background-image":"","background-repeat":"repeat","background-position":"center center","background-size":"auto","background-attachment":"scroll","background-type":"","background-media":"","overlay-type":"","overlay-color":"","overlay-opacity":"","overlay-gradient":""}},"footnotes":""},"class_list":["post-619","page","type-page","status-publish","hentry"],"yoast_head":"<!-- This site is optimized with the Yoast SEO plugin v27.4 - https:\/\/yoast.com\/product\/yoast-seo-wordpress\/ -->\n<title>Contact |<\/title>\n<meta name=\"robots\" content=\"noindex, follow\" \/>\n<meta property=\"og:locale\" content=\"fr_FR\" \/>\n<meta property=\"og:type\" content=\"article\" \/>\n<meta property=\"og:title\" content=\"Contact |\" \/>\n<meta property=\"og:description\" content=\"Contact Bienvenue chez MAINS D&rsquo;ENCRES Laissez-nous un message Si vous avez une question d&rsquo;ordre g\u00e9n\u00e9ral sur la boutique, merci de nous laisser un message en remplissant le formulaire ci-contre, ou en nous \u00e9crivant \u00e0 info@mainsdencres.com. Pour toutes autres questions dans la section de votre choix\u00a0 : E-mail onglerie : jade.onglerie@mainsdencres.com E-mail tatouage : jeremy.tatouages@mainsdencres.com Pour [&hellip;]\" \/>\n<meta property=\"og:url\" content=\"https:\/\/mainsdencres.com\/index.php\/contact\/\" \/>\n<meta property=\"article:publisher\" content=\"https:\/\/www.facebook.com\/people\/mainsdencres\/100089951997068\/\" \/>\n<meta property=\"article:modified_time\" content=\"2025-01-21T11:10:42+00:00\" \/>\n<meta property=\"og:image\" content=\"https:\/\/mainsdencres.com\/wp-content\/uploads\/2023\/05\/photo_2023-05-10_18-59-47.jpg\" \/>\n\t<meta property=\"og:image:width\" content=\"1280\" \/>\n\t<meta property=\"og:image:height\" content=\"960\" \/>\n\t<meta property=\"og:image:type\" content=\"image\/jpeg\" \/>\n<meta name=\"twitter:card\" content=\"summary_large_image\" \/>\n<meta name=\"twitter:label1\" content=\"Dur\u00e9e de lecture estim\u00e9e\" \/>\n\t<meta name=\"twitter:data1\" content=\"1 minute\" \/>\n<script type=\"application\/ld+json\" class=\"yoast-schema-graph\">{\"@context\":\"https:\\\/\\\/schema.org\",\"@graph\":[{\"@type\":\"WebPage\",\"@id\":\"https:\\\/\\\/mainsdencres.com\\\/index.php\\\/contact\\\/\",\"url\":\"https:\\\/\\\/mainsdencres.com\\\/index.php\\\/contact\\\/\",\"name\":\"Contact |\",\"isPartOf\":{\"@id\":\"https:\\\/\\\/mainsdencres.com\\\/#website\"},\"datePublished\":\"2018-07-20T10:22:11+00:00\",\"dateModified\":\"2025-01-21T11:10:42+00:00\",\"breadcrumb\":{\"@id\":\"https:\\\/\\\/mainsdencres.com\\\/index.php\\\/contact\\\/#breadcrumb\"},\"inLanguage\":\"fr-FR\",\"potentialAction\":[{\"@type\":\"ReadAction\",\"target\":[\"https:\\\/\\\/mainsdencres.com\\\/index.php\\\/contact\\\/\"]}]},{\"@type\":\"BreadcrumbList\",\"@id\":\"https:\\\/\\\/mainsdencres.com\\\/index.php\\\/contact\\\/#breadcrumb\",\"itemListElement\":[{\"@type\":\"ListItem\",\"position\":1,\"name\":\"Home\",\"item\":\"https:\\\/\\\/mainsdencres.com\\\/\"},{\"@type\":\"ListItem\",\"position\":2,\"name\":\"Contact\"}]},{\"@type\":\"WebSite\",\"@id\":\"https:\\\/\\\/mainsdencres.com\\\/#website\",\"url\":\"https:\\\/\\\/mainsdencres.com\\\/\",\"name\":\"Mainsdencres\",\"description\":\"\",\"publisher\":{\"@id\":\"https:\\\/\\\/mainsdencres.com\\\/#organization\"},\"potentialAction\":[{\"@type\":\"SearchAction\",\"target\":{\"@type\":\"EntryPoint\",\"urlTemplate\":\"https:\\\/\\\/mainsdencres.com\\\/?s={search_term_string}\"},\"query-input\":{\"@type\":\"PropertyValueSpecification\",\"valueRequired\":true,\"valueName\":\"search_term_string\"}}],\"inLanguage\":\"fr-FR\"},{\"@type\":\"Organization\",\"@id\":\"https:\\\/\\\/mainsdencres.com\\\/#organization\",\"name\":\"Mains d'encres\",\"url\":\"https:\\\/\\\/mainsdencres.com\\\/\",\"logo\":{\"@type\":\"ImageObject\",\"inLanguage\":\"fr-FR\",\"@id\":\"https:\\\/\\\/mainsdencres.com\\\/#\\\/schema\\\/logo\\\/image\\\/\",\"url\":\"https:\\\/\\\/mainsdencres.com\\\/wp-content\\\/uploads\\\/2025\\\/01\\\/cropped-Logo-HD-1.png\",\"contentUrl\":\"https:\\\/\\\/mainsdencres.com\\\/wp-content\\\/uploads\\\/2025\\\/01\\\/cropped-Logo-HD-1.png\",\"width\":1280,\"height\":1280,\"caption\":\"Mains d'encres\"},\"image\":{\"@id\":\"https:\\\/\\\/mainsdencres.com\\\/#\\\/schema\\\/logo\\\/image\\\/\"},\"sameAs\":[\"https:\\\/\\\/www.facebook.com\\\/people\\\/mainsdencres\\\/100089951997068\\\/\",\"https:\\\/\\\/www.instagram.com\\\/mainsdencres\\\/\"]}]}<\/script>\n<!-- \/ Yoast SEO plugin. -->","yoast_head_json":{"title":"Contact |","robots":{"index":"noindex","follow":"follow"},"og_locale":"fr_FR","og_type":"article","og_title":"Contact |","og_description":"Contact Bienvenue chez MAINS D&rsquo;ENCRES Laissez-nous un message Si vous avez une question d&rsquo;ordre g\u00e9n\u00e9ral sur la boutique, merci de nous laisser un message en remplissant le formulaire ci-contre, ou en nous \u00e9crivant \u00e0 info@mainsdencres.com. Pour toutes autres questions dans la section de votre choix\u00a0 : E-mail onglerie : jade.onglerie@mainsdencres.com E-mail tatouage : jeremy.tatouages@mainsdencres.com Pour [&hellip;]","og_url":"https:\/\/mainsdencres.com\/index.php\/contact\/","article_publisher":"https:\/\/www.facebook.com\/people\/mainsdencres\/100089951997068\/","article_modified_time":"2025-01-21T11:10:42+00:00","og_image":[{"width":1280,"height":960,"url":"https:\/\/mainsdencres.com\/wp-content\/uploads\/2023\/05\/photo_2023-05-10_18-59-47.jpg","type":"image\/jpeg"}],"twitter_card":"summary_large_image","twitter_misc":{"Dur\u00e9e de lecture estim\u00e9e":"1 minute"},"schema":{"@context":"https:\/\/schema.org","@graph":[{"@type":"WebPage","@id":"https:\/\/mainsdencres.com\/index.php\/contact\/","url":"https:\/\/mainsdencres.com\/index.php\/contact\/","name":"Contact |","isPartOf":{"@id":"https:\/\/mainsdencres.com\/#website"},"datePublished":"2018-07-20T10:22:11+00:00","dateModified":"2025-01-21T11:10:42+00:00","breadcrumb":{"@id":"https:\/\/mainsdencres.com\/index.php\/contact\/#breadcrumb"},"inLanguage":"fr-FR","potentialAction":[{"@type":"ReadAction","target":["https:\/\/mainsdencres.com\/index.php\/contact\/"]}]},{"@type":"BreadcrumbList","@id":"https:\/\/mainsdencres.com\/index.php\/contact\/#breadcrumb","itemListElement":[{"@type":"ListItem","position":1,"name":"Home","item":"https:\/\/mainsdencres.com\/"},{"@type":"ListItem","position":2,"name":"Contact"}]},{"@type":"WebSite","@id":"https:\/\/mainsdencres.com\/#website","url":"https:\/\/mainsdencres.com\/","name":"Mainsdencres","description":"","publisher":{"@id":"https:\/\/mainsdencres.com\/#organization"},"potentialAction":[{"@type":"SearchAction","target":{"@type":"EntryPoint","urlTemplate":"https:\/\/mainsdencres.com\/?s={search_term_string}"},"query-input":{"@type":"PropertyValueSpecification","valueRequired":true,"valueName":"search_term_string"}}],"inLanguage":"fr-FR"},{"@type":"Organization","@id":"https:\/\/mainsdencres.com\/#organization","name":"Mains d'encres","url":"https:\/\/mainsdencres.com\/","logo":{"@type":"ImageObject","inLanguage":"fr-FR","@id":"https:\/\/mainsdencres.com\/#\/schema\/logo\/image\/","url":"https:\/\/mainsdencres.com\/wp-content\/uploads\/2025\/01\/cropped-Logo-HD-1.png","contentUrl":"https:\/\/mainsdencres.com\/wp-content\/uploads\/2025\/01\/cropped-Logo-HD-1.png","width":1280,"height":1280,"caption":"Mains d'encres"},"image":{"@id":"https:\/\/mainsdencres.com\/#\/schema\/logo\/image\/"},"sameAs":["https:\/\/www.facebook.com\/people\/mainsdencres\/100089951997068\/","https:\/\/www.instagram.com\/mainsdencres\/"]}]}},"_links":{"self":[{"href":"https:\/\/mainsdencres.com\/index.php\/wp-json\/wp\/v2\/pages\/619","targetHints":{"allow":["GET"]}}],"collection":[{"href":"https:\/\/mainsdencres.com\/index.php\/wp-json\/wp\/v2\/pages"}],"about":[{"href":"https:\/\/mainsdencres.com\/index.php\/wp-json\/wp\/v2\/types\/page"}],"author":[{"embeddable":true,"href":"https:\/\/mainsdencres.com\/index.php\/wp-json\/wp\/v2\/users\/1"}],"replies":[{"embeddable":true,"href":"https:\/\/mainsdencres.com\/index.php\/wp-json\/wp\/v2\/comments?post=619"}],"version-history":[{"count":0,"href":"https:\/\/mainsdencres.com\/index.php\/wp-json\/wp\/v2\/pages\/619\/revisions"}],"wp:attachment":[{"href":"https:\/\/mainsdencres.com\/index.php\/wp-json\/wp\/v2\/media?parent=619"}],"curies":[{"name":"wp","href":"https:\/\/api.w.org\/{rel}","templated":true}]}}