{"id":766,"date":"2023-02-02T17:18:10","date_gmt":"2023-02-02T16:18:10","guid":{"rendered":"https:\/\/mainsdencres.com\/?page_id=766"},"modified":"2023-12-21T16:50:57","modified_gmt":"2023-12-21T15:50:57","slug":"mentions-legales","status":"publish","type":"page","link":"https:\/\/mainsdencres.com\/index.php\/mentions-legales\/","title":{"rendered":"Mentions L\u00e9gales"},"content":{"rendered":"\t\t<div data-elementor-type=\"wp-page\" data-elementor-id=\"766\" class=\"elementor elementor-766\">\n\t\t\t\t\t\t<section class=\"elementor-section elementor-top-section elementor-element elementor-element-164a18c0 elementor-section-boxed elementor-section-height-default elementor-section-height-default\" data-id=\"164a18c0\" data-element_type=\"section\" data-e-type=\"section\">\n\t\t\t\t\t\t<div class=\"elementor-container elementor-column-gap-default\">\n\t\t\t\t\t<div class=\"elementor-column elementor-col-100 elementor-top-column elementor-element elementor-element-5150f838\" data-id=\"5150f838\" data-element_type=\"column\" data-e-type=\"column\">\n\t\t\t<div class=\"elementor-widget-wrap elementor-element-populated\">\n\t\t\t\t\t\t<div class=\"elementor-element elementor-element-cf1c267 elementor-view-default elementor-widget elementor-widget-icon\" data-id=\"cf1c267\" data-element_type=\"widget\" data-e-type=\"widget\" data-widget_type=\"icon.default\">\n\t\t\t\t<div class=\"elementor-widget-container\">\n\t\t\t\t\t\t\t<div class=\"elementor-icon-wrapper\">\n\t\t\t<a class=\"elementor-icon\" href=\"https:\/\/mainsdencres.com\/\">\n\t\t\t<i aria-hidden=\"true\" class=\"far fa-arrow-alt-circle-left\"><\/i>\t\t\t<\/a>\n\t\t<\/div>\n\t\t\t\t\t\t<\/div>\n\t\t\t\t<\/div>\n\t\t\t\t<div class=\"elementor-element elementor-element-19b16102 elementor-widget elementor-widget-text-editor\" data-id=\"19b16102\" data-element_type=\"widget\" data-e-type=\"widget\" data-widget_type=\"text-editor.default\">\n\t\t\t\t<div class=\"elementor-widget-container\">\n\t\t\t\t\t\t\t\t\t<p><\/p>\n<h4 class=\"has-text-align-left wp-block-heading\"><span style=\"color: #ff9900;\"><strong>Qui sommes-nous ?<\/strong><\/span><\/h4>\n<p><\/p>\n<p><\/p>\n<p><strong><span style=\"text-decoration: underline;\">Soci\u00e9t\u00e9 :<\/span>\u00a0<\/strong>Mains d&rsquo;Encres<\/p>\n<p><\/p>\n<p><\/p>\n<p><span style=\"text-decoration: underline;\"><strong>Adresse du si\u00e8ge social :<\/strong><\/span> 47 rue de la Berbiziales<\/p>\n<p><\/p>\n<p><\/p>\n<p><span style=\"text-decoration: underline;\"><strong>Contact :<\/strong><\/span>\u00a0 info@mainsdencres.com<\/p>\n<p><\/p>\n<p><\/p>\n<p><span style=\"text-decoration: underline;\"><strong>Capital social<\/strong> <strong>:<\/strong><\/span> 1000 Euros<\/p>\n<p><\/p>\n<p><\/p>\n<p><span style=\"text-decoration: underline;\"><strong>Directeur de la publication :<\/strong><\/span> JEREMY BOYER<\/p>\n<p><\/p>\n<p><\/p>\n<p><span style=\"text-decoration: underline;\"><strong>Entreprise immatricul\u00e9e sous le num\u00e9ro de siret :<\/strong><\/span>\u00a0<\/p>\n<p><\/p>\n<p><\/p>\n<p><span style=\"text-decoration: underline;\"><strong>D\u00e9l\u00e9gu\u00e9 \u00e0 la protection des donn\u00e9es :<\/strong><\/span> JEREMY BOYER<\/p>\n<p><\/p>\n<p><\/p>\n<p>Ce site a \u00e9t\u00e9 r\u00e9alis\u00e9 par Jeremy BOYER \u00e0 l&rsquo;aide du logiciel Open Source \u00a0\u00bb WORDPRESS \u00a0\u00bb cr\u00e9\u00e9 en 2003.<\/p>\n<h4>\u00a0<\/h4>\n<h4 class=\"has-text-align-left\"><span style=\"color: #ff9900;\"><strong>H\u00e9b\u00e8rgement<\/strong><\/span><\/h4>\n<p><\/p>\n<p><\/p>\n<p>Notre site est h\u00e9berg\u00e9 chez OVH.<\/p>\n<p class=\"mb-3 text-left\">Leur si\u00e8ge social est localis\u00e9 \u00e0 Roubaix, en FRANCE au 2 rue Kellermann 59000<\/p>\n<p>\u00a0<\/p>\n<h4 class=\"has-text-align-left\"><span style=\"color: #ff9900;\"><strong>Responsabilit\u00e9<\/strong><\/span><\/h4>\n<p><\/p>\n<p><\/p>\n<p>Nous assurons seuls la responsabilit\u00e9 des informations et des prestations fournies. Cependant, MAINS D&rsquo;ENCRES s\u2019efforce d\u2019assurer au mieux de ses possibilit\u00e9s, l\u2019exactitude et la mise \u00e0 jour des informations diffus\u00e9es sur ce site, dont elle se r\u00e9serve le droit de corriger, \u00e0 tout moment et sans pr\u00e9avis, le contenu. Aussi, elle avertit le visiteur qu\u2019il lui appartient de v\u00e9rifier l\u2019information par d\u2019autres moyens. En cons\u00e9quence, MAINS D&rsquo;ENCRES d\u00e9cline toute responsabilit\u00e9 : pour toute impr\u00e9cision, inexactitude ou omission portant sur des informations disponibles sur le site ; pour tous dommages r\u00e9sultant d\u2019une intrusion frauduleuse d\u2019un tiers ayant entra\u00een\u00e9 une modification des informations mises \u00e0 la disposition sur le site ; et plus g\u00e9n\u00e9ralement pour tous dommages, directs ou indirects, qu\u2019elles qu\u2019en soient les causes, origines, nature ou cons\u00e9quences, provoqu\u00e9s \u00e0 raison de l\u2019acc\u00e8s de quiconque au site ou de l\u2019impossibilit\u00e9 d\u2019y acc\u00e9der, de m\u00eame que l\u2019utilisation du site et\/ou du cr\u00e9dit accord\u00e9 \u00e0 une quelconque information provenant directement ou indirectement de ce dernier.<\/p>\n<p>\u00a0<\/p>\n<h4 class=\"has-text-align-left\"><span style=\"color: #ff9900;\"><strong>Droits d&rsquo;auteur<\/strong><\/span><\/h4>\n<p><\/p>\n<p><\/p>\n<p>L\u2019ensemble de ce site rel\u00e8ve de la l\u00e9gislation fran\u00e7aise et internationale sur le droit d\u2019auteur et la propri\u00e9t\u00e9 intellectuelle. Toute repr\u00e9sentation, reproduction, modification, utilisation commerciale, ainsi que tout transfert vers un autre site sont interdits, sauf autorisation \u00e0 demander par courrier \u00e0 l\u2019adresse indiqu\u00e9e plus haut.<\/p>\n<p>\u00a0<\/p>\n<h4 class=\"has-text-align-left\"><span style=\"color: #ff9900;\"><strong>Liens hypertextes<\/strong><\/span><\/h4>\n<p><\/p>\n<p><\/p>\n<p>Les liens hypertextes pr\u00e9sents sur le site orientant les utilisateurs vers d\u2019autres sites Internet n\u2019engagent pas la responsabilit\u00e9 de MAINS D&rsquo;ENCRES quant au contenu de ces sites. Toute personne physique ou morale souhaitant que soit \u00e9tabli un lien avec MAINS D&rsquo;ENCRES \u00e0 partir de notre site, doit pr\u00e9alablement en demander l\u2019autorisation.<\/p>\n<p>\u00a0<\/p>\n<p><\/p>\t\t\t\t\t\t\t\t<\/div>\n\t\t\t\t<\/div>\n\t\t\t\t\t<\/div>\n\t\t<\/div>\n\t\t\t\t\t<\/div>\n\t\t<\/section>\n\t\t\t\t<\/div>\n\t\t","protected":false},"excerpt":{"rendered":"<p>Qui sommes-nous ? Soci\u00e9t\u00e9 :\u00a0Mains d&rsquo;Encres Adresse du si\u00e8ge social : 47 rue de la Berbiziales Contact :\u00a0 info@mainsdencres.com Capital social : 1000 Euros Directeur de la publication : JEREMY BOYER Entreprise immatricul\u00e9e sous le num\u00e9ro de siret :\u00a0 D\u00e9l\u00e9gu\u00e9 \u00e0 la protection des donn\u00e9es : JEREMY BOYER Ce site a \u00e9t\u00e9 r\u00e9alis\u00e9 par Jeremy [&hellip;]<\/p>\n","protected":false},"author":1,"featured_media":0,"parent":0,"menu_order":0,"comment_status":"closed","ping_status":"closed","template":"","meta":{"site-sidebar-layout":"no-sidebar","site-content-layout":"default","ast-site-content-layout":"default","site-content-style":"default","site-sidebar-style":"default","ast-global-header-display":"disabled","ast-banner-title-visibility":"","ast-main-header-display":"","ast-hfb-above-header-display":"","ast-hfb-below-header-display":"","ast-hfb-mobile-header-display":"","site-post-title":"","ast-breadcrumbs-content":"","ast-featured-img":"disabled","footer-sml-layout":"disabled","ast-disable-related-posts":"","theme-transparent-header-meta":"","adv-header-id-meta":"","stick-header-meta":"","header-above-stick-meta":"","header-main-stick-meta":"","header-below-stick-meta":"","astra-migrate-meta-layouts":"default","ast-page-background-enabled":"default","ast-page-background-meta":{"desktop":{"background-color":"","background-image":"","background-repeat":"repeat","background-position":"center center","background-size":"auto","background-attachment":"scroll","background-type":"","background-media":"","overlay-type":"","overlay-color":"","overlay-opacity":"","overlay-gradient":""},"tablet":{"background-color":"","background-image":"","background-repeat":"repeat","background-position":"center center","background-size":"auto","background-attachment":"scroll","background-type":"","background-media":"","overlay-type":"","overlay-color":"","overlay-opacity":"","overlay-gradient":""},"mobile":{"background-color":"","background-image":"","background-repeat":"repeat","background-position":"center center","background-size":"auto","background-attachment":"scroll","background-type":"","background-media":"","overlay-type":"","overlay-color":"","overlay-opacity":"","overlay-gradient":""}},"ast-content-background-meta":{"desktop":{"background-color":"var(--ast-global-color-5)","background-image":"","background-repeat":"repeat","background-position":"center center","background-size":"auto","background-attachment":"scroll","background-type":"","background-media":"","overlay-type":"","overlay-color":"","overlay-opacity":"","overlay-gradient":""},"tablet":{"background-color":"var(--ast-global-color-5)","background-image":"","background-repeat":"repeat","background-position":"center center","background-size":"auto","background-attachment":"scroll","background-type":"","background-media":"","overlay-type":"","overlay-color":"","overlay-opacity":"","overlay-gradient":""},"mobile":{"background-color":"var(--ast-global-color-5)","background-image":"","background-repeat":"repeat","background-position":"center center","background-size":"auto","background-attachment":"scroll","background-type":"","background-media":"","overlay-type":"","overlay-color":"","overlay-opacity":"","overlay-gradient":""}},"footnotes":""},"class_list":["post-766","page","type-page","status-publish","hentry"],"yoast_head":"<!-- This site is optimized with the Yoast SEO plugin v27.4 - https:\/\/yoast.com\/product\/yoast-seo-wordpress\/ -->\n<title>Mentions L\u00e9gales |<\/title>\n<meta name=\"robots\" content=\"noindex, follow\" \/>\n<meta property=\"og:locale\" content=\"fr_FR\" \/>\n<meta property=\"og:type\" content=\"article\" \/>\n<meta property=\"og:title\" content=\"Mentions L\u00e9gales |\" \/>\n<meta property=\"og:description\" content=\"Qui sommes-nous ? Soci\u00e9t\u00e9 :\u00a0Mains d&rsquo;Encres Adresse du si\u00e8ge social : 47 rue de la Berbiziales Contact :\u00a0 info@mainsdencres.com Capital social : 1000 Euros Directeur de la publication : JEREMY BOYER Entreprise immatricul\u00e9e sous le num\u00e9ro de siret :\u00a0 D\u00e9l\u00e9gu\u00e9 \u00e0 la protection des donn\u00e9es : JEREMY BOYER Ce site a \u00e9t\u00e9 r\u00e9alis\u00e9 par Jeremy [&hellip;]\" \/>\n<meta property=\"og:url\" content=\"https:\/\/mainsdencres.com\/index.php\/mentions-legales\/\" \/>\n<meta property=\"article:publisher\" content=\"https:\/\/www.facebook.com\/people\/mainsdencres\/100089951997068\/\" \/>\n<meta property=\"article:modified_time\" content=\"2023-12-21T15:50:57+00:00\" \/>\n<meta property=\"og:image\" content=\"https:\/\/mainsdencres.com\/wp-content\/uploads\/2023\/05\/photo_2023-05-10_18-59-47.jpg\" \/>\n\t<meta property=\"og:image:width\" content=\"1280\" \/>\n\t<meta property=\"og:image:height\" content=\"960\" \/>\n\t<meta property=\"og:image:type\" content=\"image\/jpeg\" \/>\n<meta name=\"twitter:card\" content=\"summary_large_image\" \/>\n<meta name=\"twitter:label1\" content=\"Dur\u00e9e de lecture estim\u00e9e\" \/>\n\t<meta name=\"twitter:data1\" content=\"2 minutes\" \/>\n<script type=\"application\/ld+json\" class=\"yoast-schema-graph\">{\"@context\":\"https:\\\/\\\/schema.org\",\"@graph\":[{\"@type\":\"WebPage\",\"@id\":\"https:\\\/\\\/mainsdencres.com\\\/index.php\\\/mentions-legales\\\/\",\"url\":\"https:\\\/\\\/mainsdencres.com\\\/index.php\\\/mentions-legales\\\/\",\"name\":\"Mentions L\u00e9gales |\",\"isPartOf\":{\"@id\":\"https:\\\/\\\/mainsdencres.com\\\/#website\"},\"datePublished\":\"2023-02-02T16:18:10+00:00\",\"dateModified\":\"2023-12-21T15:50:57+00:00\",\"breadcrumb\":{\"@id\":\"https:\\\/\\\/mainsdencres.com\\\/index.php\\\/mentions-legales\\\/#breadcrumb\"},\"inLanguage\":\"fr-FR\",\"potentialAction\":[{\"@type\":\"ReadAction\",\"target\":[\"https:\\\/\\\/mainsdencres.com\\\/index.php\\\/mentions-legales\\\/\"]}]},{\"@type\":\"BreadcrumbList\",\"@id\":\"https:\\\/\\\/mainsdencres.com\\\/index.php\\\/mentions-legales\\\/#breadcrumb\",\"itemListElement\":[{\"@type\":\"ListItem\",\"position\":1,\"name\":\"Home\",\"item\":\"https:\\\/\\\/mainsdencres.com\\\/\"},{\"@type\":\"ListItem\",\"position\":2,\"name\":\"Mentions L\u00e9gales\"}]},{\"@type\":\"WebSite\",\"@id\":\"https:\\\/\\\/mainsdencres.com\\\/#website\",\"url\":\"https:\\\/\\\/mainsdencres.com\\\/\",\"name\":\"Mainsdencres\",\"description\":\"\",\"publisher\":{\"@id\":\"https:\\\/\\\/mainsdencres.com\\\/#organization\"},\"potentialAction\":[{\"@type\":\"SearchAction\",\"target\":{\"@type\":\"EntryPoint\",\"urlTemplate\":\"https:\\\/\\\/mainsdencres.com\\\/?s={search_term_string}\"},\"query-input\":{\"@type\":\"PropertyValueSpecification\",\"valueRequired\":true,\"valueName\":\"search_term_string\"}}],\"inLanguage\":\"fr-FR\"},{\"@type\":\"Organization\",\"@id\":\"https:\\\/\\\/mainsdencres.com\\\/#organization\",\"name\":\"Mains d'encres\",\"url\":\"https:\\\/\\\/mainsdencres.com\\\/\",\"logo\":{\"@type\":\"ImageObject\",\"inLanguage\":\"fr-FR\",\"@id\":\"https:\\\/\\\/mainsdencres.com\\\/#\\\/schema\\\/logo\\\/image\\\/\",\"url\":\"https:\\\/\\\/mainsdencres.com\\\/wp-content\\\/uploads\\\/2025\\\/01\\\/cropped-Logo-HD-1.png\",\"contentUrl\":\"https:\\\/\\\/mainsdencres.com\\\/wp-content\\\/uploads\\\/2025\\\/01\\\/cropped-Logo-HD-1.png\",\"width\":1280,\"height\":1280,\"caption\":\"Mains d'encres\"},\"image\":{\"@id\":\"https:\\\/\\\/mainsdencres.com\\\/#\\\/schema\\\/logo\\\/image\\\/\"},\"sameAs\":[\"https:\\\/\\\/www.facebook.com\\\/people\\\/mainsdencres\\\/100089951997068\\\/\",\"https:\\\/\\\/www.instagram.com\\\/mainsdencres\\\/\"]}]}<\/script>\n<!-- \/ Yoast SEO plugin. -->","yoast_head_json":{"title":"Mentions L\u00e9gales |","robots":{"index":"noindex","follow":"follow"},"og_locale":"fr_FR","og_type":"article","og_title":"Mentions L\u00e9gales |","og_description":"Qui sommes-nous ? Soci\u00e9t\u00e9 :\u00a0Mains d&rsquo;Encres Adresse du si\u00e8ge social : 47 rue de la Berbiziales Contact :\u00a0 info@mainsdencres.com Capital social : 1000 Euros Directeur de la publication : JEREMY BOYER Entreprise immatricul\u00e9e sous le num\u00e9ro de siret :\u00a0 D\u00e9l\u00e9gu\u00e9 \u00e0 la protection des donn\u00e9es : JEREMY BOYER Ce site a \u00e9t\u00e9 r\u00e9alis\u00e9 par Jeremy [&hellip;]","og_url":"https:\/\/mainsdencres.com\/index.php\/mentions-legales\/","article_publisher":"https:\/\/www.facebook.com\/people\/mainsdencres\/100089951997068\/","article_modified_time":"2023-12-21T15:50:57+00:00","og_image":[{"width":1280,"height":960,"url":"https:\/\/mainsdencres.com\/wp-content\/uploads\/2023\/05\/photo_2023-05-10_18-59-47.jpg","type":"image\/jpeg"}],"twitter_card":"summary_large_image","twitter_misc":{"Dur\u00e9e de lecture estim\u00e9e":"2 minutes"},"schema":{"@context":"https:\/\/schema.org","@graph":[{"@type":"WebPage","@id":"https:\/\/mainsdencres.com\/index.php\/mentions-legales\/","url":"https:\/\/mainsdencres.com\/index.php\/mentions-legales\/","name":"Mentions L\u00e9gales |","isPartOf":{"@id":"https:\/\/mainsdencres.com\/#website"},"datePublished":"2023-02-02T16:18:10+00:00","dateModified":"2023-12-21T15:50:57+00:00","breadcrumb":{"@id":"https:\/\/mainsdencres.com\/index.php\/mentions-legales\/#breadcrumb"},"inLanguage":"fr-FR","potentialAction":[{"@type":"ReadAction","target":["https:\/\/mainsdencres.com\/index.php\/mentions-legales\/"]}]},{"@type":"BreadcrumbList","@id":"https:\/\/mainsdencres.com\/index.php\/mentions-legales\/#breadcrumb","itemListElement":[{"@type":"ListItem","position":1,"name":"Home","item":"https:\/\/mainsdencres.com\/"},{"@type":"ListItem","position":2,"name":"Mentions L\u00e9gales"}]},{"@type":"WebSite","@id":"https:\/\/mainsdencres.com\/#website","url":"https:\/\/mainsdencres.com\/","name":"Mainsdencres","description":"","publisher":{"@id":"https:\/\/mainsdencres.com\/#organization"},"potentialAction":[{"@type":"SearchAction","target":{"@type":"EntryPoint","urlTemplate":"https:\/\/mainsdencres.com\/?s={search_term_string}"},"query-input":{"@type":"PropertyValueSpecification","valueRequired":true,"valueName":"search_term_string"}}],"inLanguage":"fr-FR"},{"@type":"Organization","@id":"https:\/\/mainsdencres.com\/#organization","name":"Mains d'encres","url":"https:\/\/mainsdencres.com\/","logo":{"@type":"ImageObject","inLanguage":"fr-FR","@id":"https:\/\/mainsdencres.com\/#\/schema\/logo\/image\/","url":"https:\/\/mainsdencres.com\/wp-content\/uploads\/2025\/01\/cropped-Logo-HD-1.png","contentUrl":"https:\/\/mainsdencres.com\/wp-content\/uploads\/2025\/01\/cropped-Logo-HD-1.png","width":1280,"height":1280,"caption":"Mains d'encres"},"image":{"@id":"https:\/\/mainsdencres.com\/#\/schema\/logo\/image\/"},"sameAs":["https:\/\/www.facebook.com\/people\/mainsdencres\/100089951997068\/","https:\/\/www.instagram.com\/mainsdencres\/"]}]}},"_links":{"self":[{"href":"https:\/\/mainsdencres.com\/index.php\/wp-json\/wp\/v2\/pages\/766","targetHints":{"allow":["GET"]}}],"collection":[{"href":"https:\/\/mainsdencres.com\/index.php\/wp-json\/wp\/v2\/pages"}],"about":[{"href":"https:\/\/mainsdencres.com\/index.php\/wp-json\/wp\/v2\/types\/page"}],"author":[{"embeddable":true,"href":"https:\/\/mainsdencres.com\/index.php\/wp-json\/wp\/v2\/users\/1"}],"replies":[{"embeddable":true,"href":"https:\/\/mainsdencres.com\/index.php\/wp-json\/wp\/v2\/comments?post=766"}],"version-history":[{"count":0,"href":"https:\/\/mainsdencres.com\/index.php\/wp-json\/wp\/v2\/pages\/766\/revisions"}],"wp:attachment":[{"href":"https:\/\/mainsdencres.com\/index.php\/wp-json\/wp\/v2\/media?parent=766"}],"curies":[{"name":"wp","href":"https:\/\/api.w.org\/{rel}","templated":true}]}}